{"id":1414,"date":"2023-01-12T09:24:02","date_gmt":"2023-01-12T09:24:02","guid":{"rendered":"https:\/\/www.golfelrompido.es\/?page_id=1414"},"modified":"2023-07-03T09:01:20","modified_gmt":"2023-07-03T09:01:20","slug":"politica-de-privacidad","status":"publish","type":"page","link":"https:\/\/www.golfelrompido.es\/en\/politica-de-privacidad\/","title":{"rendered":"Privacy Policy"},"content":{"rendered":"\n<figure class=\"wp-block-table\"><table><tbody><tr><td>Responsable del tratamiento<\/td><td>EL ROMPIDO GOLF CLUB, S.A. <br>Direcci\u00f3n: Carretera Cartaya-El Rompido, km. 7 \u2013 21450 Cartaya (Huelva) <br>Correo electr\u00f3nico: <a href=\"mailto:datos@golfelrompido.es\">datos@golfelrompido.es<\/a>&nbsp;&nbsp; Tfno. 959 02 42 42<\/td><\/tr><tr><td>C\u00f3mo hemos obtenido tus datos<\/td><td><strong>Obtenci\u00f3n del propio interesado:&nbsp; <\/strong>Si eres cliente actual o potencial, abonado, jugador o usuario de las instalaciones, o un mero usuario de nuestra web, los has facilitado t\u00fa, bien sea off-line u on-line, al solicitar nuestros servicios, o contactar con nosotros pidiendo informaci\u00f3n, o, por ejemplo, si has venido a las oficinas del Club. <br><br>Cuando nos facilitas tus datos personales, garantizas que est\u00e1s habilitado para facilitar esta informaci\u00f3n y que la misma es cierta, veraz, exacta y actualizada, que no es confidencial, que no viola ninguna restricci\u00f3n contractual o derechos de terceros y te comprometes a no suplantar a otros Usuarios. &nbsp; <br><br><strong>Obtenci\u00f3n de forma autom\u00e1tica al visitar nuestro sitio web:<\/strong> Si los datos nos los has aportado a trav\u00e9s de este sitio web, recopilamos informaci\u00f3n, por ejemplo, cuando accedes a la p\u00e1gina, cuando te registras como usuario, rellenas cualquier formulario con datos personales, o cuando te comunicas con nosotros directamente por correo electr\u00f3nico. &nbsp; <br><br>Cuando visitas nuestra web se env\u00edan datos desde tu navegador a nuestro servidor, para optimizar nuestros servicios y mejorar tu experiencia como usuario, por ejemplo, cuando accedes a la p\u00e1gina o cuando inicias sesi\u00f3n en nuestros Servicios a trav\u00e9s de servicios de terceros como redes sociales o Google.&nbsp; Esos datos pueden ser recogidos y almacenados autom\u00e1ticamente por nosotros o por terceros en nuestro nombre. Estos datos pueden incluir:<br><br>&#8211; la direcci\u00f3n IP del usuario<br>&#8211; la fecha y la hora de la visita<br>&#8211; la URL del sitio del que proviene el usuario<br>&#8211; las p\u00e1ginas visitadas en nuestro sitio web<br>&#8211; informaci\u00f3n sobre el navegador utilizado (tipo y versi\u00f3n del navegador, sistema operativo, etc.). <br><br>Podemos tratar y registrar dichos usos, sesiones e informaci\u00f3n relacionada, ya sea en forma independiente o con la ayuda de servicios de terceros, incluso mediante el uso de \u201ccookies\u201d y otras tecnolog\u00edas de seguimiento como flash cookies y anal\u00edticas web. &nbsp; <br><br><strong>Redes sociales y aplicaciones de mensajer\u00eda instant\u00e1nea.<\/strong> &nbsp; <br>Para el caso de que pongamos a tu disposici\u00f3n un n\u00ba de Whatsapp para agilizar la comunicaci\u00f3n con nosotros, util\u00edzalo con responsabilidad, lee la pol\u00edtica de privacidad de Whatsapp y config\u00farala conforme tus preferencias antes de enviar informaci\u00f3n con datos personales por dicho medio. No nos remitas por ese canal informaci\u00f3n o archivos con datos sensibles, o que quieras mantener privados, ya que hay formas m\u00e1s seguras de hacerlo. Aunque este tipo de aplicaciones de mensajer\u00eda instant\u00e1nea pueden ser \u00fatiles en determinadas circunstancias, te recordamos que la informaci\u00f3n que publiques en Internet es accesible para mucha gente, conocida o desconocida, por lo que existe riesgo para tu intimidad y la de otros. Recomendamos no aportar por este medio informaci\u00f3n personal, privada y\/o \u00edntima o que quieras mantener reservada.&nbsp; No podemos responsabilizarnos del funcionamiento y disponibilidad del servicio ya que no lo prestamos nosotros sino terceros ajenos a nosotros.&nbsp;&nbsp; &nbsp; <br><br>Nuestro sitio web dispone de conectores a redes sociales,&nbsp; cuando eliges interactuar con nosotros a trav\u00e9s de una red social, nosotros no podemos responsabilizarnos de la configuraci\u00f3n de privacidad elegida por el usuario, pudiendo la red social informar sobre tu direcci\u00f3n IP o qu\u00e9 p\u00e1gina est\u00e1s visitando en nuestro Sitio Web y puede establecer una cookie para permitirles funcionar correctamente, o por ejemplo tu nombre figurar\u00e1 en los \u201clikes\u201d que otorgues o en los comentarios que realizas en nuestra p\u00e1gina en una red social. Si no quieres que figuren datos personales tuyos asociados a esos \u201clikes\u201d o comentarios configura tu privacidad para evitarlo, seudonimizando tus datos por ejemplo poni\u00e9ndote un nic o alias que no revele tu nombre y apellidos. &nbsp; <br><br>Si inicias la sesi\u00f3n en una de estas redes sociales durante tu visita de nuestro sitio web, la red social podr\u00e1 a\u00f1adir esa informaci\u00f3n a tu perfil y esa informaci\u00f3n ser\u00e1 transferida a la red social. Si no quieres que se realice esa trasferencia de datos, sal de tu sesi\u00f3n en la red social antes de entrar en nuestros sitios web o aplicaciones m\u00f3viles, ya que no est\u00e1 en nuestra mano influir en esta recogida y trasferencia de datos a trav\u00e9s de los conectores sociales. &nbsp; <br><br>Si el usuario, a trav\u00e9s de nuestra p\u00e1gina oficial en una red social, decide publicar y\/o compartir textos, fotos, v\u00eddeos y otro tipo de informaci\u00f3n y\/o contenidos \u00e9ste ser\u00e1 el \u00fanico responsable de que dichos contenidos cumplan la normativa legal correspondiente. Te recordamos que, con respecto a los datos de otras personas, debes respetar su privacidad teniendo especial cuidado al comunicar o publicar sus datos de car\u00e1cter personal. S\u00f3lo su titular puede autorizar el tratamiento de sus datos personales. El usuario \u00fanicamente podr\u00e1 publicar en esta p\u00e1gina, o en nuestra p\u00e1gina oficial en redes sociales, datos personales, fotograf\u00edas e informaciones u otros contenidos cuya titularidad y propiedad le pertenezcan o respecto de las cuales ostente la autorizaci\u00f3n de terceros. Si nos facilitas o publicas datos de terceros, es tu responsabilidad contar con su consentimiento previo y expreso para utilizarlos, comunic\u00e1rnoslos y publicarlos y es tu responsabilidad informarles del tratamiento de sus datos por nuestra parte o de su publicaci\u00f3n por tu parte. La publicaci\u00f3n de datos de terceros sin su consentimiento puede infringir, adem\u00e1s de la normativa sobre protecci\u00f3n de datos, la relativa al derecho al honor, a la intimidad o a la propia imagen de dichos terceros. &nbsp; <br><br>En todo caso, podremos eliminar tanto de esta p\u00e1gina web como de nuestras p\u00e1ginas en redes sociales, cualesquiera contenidos publicados por el usuario cuando detectemos que el usuario ha vulnerado la legislaci\u00f3n vigente, y lo indicado en la presente pol\u00edtica de privacidad. &nbsp; <br><br>Las Redes Sociales no est\u00e1n alojadas directamente en nuestros Servicios. Tus interacciones con ellas se rigen por sus pol\u00edticas y no por las nuestras. Lee las pol\u00edticas de privacidad de esas redes sociales para informaci\u00f3n detallada sobre la recogida y transferencia de datos personales, tus derechos y sobre la configuraci\u00f3n de tu privacidad. &nbsp; <br><br><strong>Comunicaci\u00f3n por un tercero de los datos del interesado:<\/strong> En el caso de que no sea el propio interesado sino un tercero el que nos facilite datos de aqu\u00e9l, tus datos nos han podido ser comunicados en su caso por tour operadores que reservan paquetes de alojamiento en el hotel y\/o juego en el campo o por el propio hotel en el caso de personas alojadas que deseen utilizar el campo y sus servicios. &nbsp; <br><br>Es responsabilidad de ese tercero que nos facilite datos contar con el consentimiento previo y expreso del interesado para utilizar sus datos y comunic\u00e1rnoslos, e informarle que sus datos van a ser tratados por nosotros, garantiz\u00e1ndonos expresamente que dispone de la autorizaci\u00f3n del interesado para dicha comunicaci\u00f3n, exoner\u00e1ndonos de cualquier responsabilidad en caso de reclamaci\u00f3n por el interesado, responsabilidad que asume \u00fanica y exclusivamente quien nos ha&nbsp; comunicado los datos en nombre o inter\u00e9s de \u00e9ste.<\/td><\/tr><tr><td>Datos de terceros<\/td><td>Con respecto a los datos de otras personas, debes respetar su privacidad prestando especial cuidado a la hora de publicar sus datos de car\u00e1cter personal. Te recordamos que, como usuario, s\u00f3lo puedes facilitar y consentir el tratamiento de tus datos personales, pero no los de terceros, y que si nos facilitas datos de terceros est\u00e1s haciendo una cesi\u00f3n de datos de car\u00e1cter personal, siendo tu responsabilidad contar con el consentimiento previo y expreso de esos terceros para utilizarlos y facilit\u00e1rnoslos, y te haces responsable de informarles de la inclusi\u00f3n de sus datos en nuestros ficheros. <br><br>La publicaci\u00f3n de datos de terceros sin su consentimiento puede infringir, adem\u00e1s de la normativa sobre protecci\u00f3n de datos, el derecho al honor, a la intimidad o a la propia imagen de dichos terceros, derechos cuya protecci\u00f3n se rige por lo dispuesto en la Ley Org\u00e1nica 1\/1982, de 5 de mayo, de protecci\u00f3n civil del derecho al honor, a la intimidad personal y familiar y a la propia imagen.<\/td><\/tr><tr><td>Finalidad<\/td><td>Los datos los podemos tratar para distintas finalidades, por ejemplo:<br><br> &nbsp; a)&nbsp;&nbsp;&nbsp; Si eres cliente actual o potencial, abonado, jugador o usuario de las instalaciones, para mantener el contacto y la comunicaci\u00f3n contigo, gestionar la relaci\u00f3n contractual y\/o comercial derivada de nuestros servicios, incluidos la organizaci\u00f3n y gesti\u00f3n de eventos, competiciones y torneos. <br><br>b)&nbsp;&nbsp;&nbsp; Si eres un mero usuario de nuestro sitio web, o el remitente o destinatario de un e-mail o participante en eventos o concursos que podamos promover u organizar, para gestionar las peticiones que nos realices on line y tu invitaci\u00f3n, inscripci\u00f3n y\/o participaci\u00f3n en los eventos o concursos que organicemos, as\u00ed como para mantener el contacto y la comunicaci\u00f3n contigo, y, en el caso de concursos y torneos, gestionar la entrega de premios y publicaci\u00f3n de los datos identificativos y de imagen de&nbsp; los ganadores, \u00fanicamente en relaci\u00f3n al referido concurso\/torneo, publicaci\u00f3n que autorizas expresamente por el mero hecho de participar, siendo condici\u00f3n sine qua non para participar en el mismo y ser acreedor del premio. Dicha autorizaci\u00f3n no concede al interesado derecho de remuneraci\u00f3n o beneficio alguno aparte de la entrega del premio. &nbsp;&nbsp;&nbsp;&nbsp;&nbsp;&nbsp; <br><br>Se informa igualmente que en los eventos que organicemos, como torneos, por ejemplo, se podr\u00e1n hacer fotograf\u00edas y\/o videos que podr\u00e1n ser publicados, tanto en internet (en este sitio web o el del promotor del evento, en nuestros perfiles en cualesquiera redes sociales, as\u00ed como en youtube), como en papel (en carteles publicitarios o informativos, folletos, programas, revistas, memoria y dem\u00e1s papeler\u00eda o soportes que pueda utilizar la organizaci\u00f3n para informar sobre sus actividades o promocionarlas), para informar sobre el evento y documentarlo. <br><br>c)&nbsp;&nbsp;&nbsp; En el caso de aportarnos tus datos curriculares o enviarnos tu curr\u00edculo, contactar contigo y gestionar los procesos de selecci\u00f3n que llevemos a cabo. <br><br>e)&nbsp;&nbsp;&nbsp; En el caso de acceder como visitante a nuestras instalaciones, para gestionar el acceso y control de visitas. <br><br>f) &nbsp;&nbsp;Para realizar encuestas de opini\u00f3n y\/o satisfacci\u00f3n y remitirte, mediante comunicaciones electr\u00f3nicas, informaci\u00f3n sobre nuestras actividades, productos y\/o servicios similares a los solicitados (incluidas comunicaciones publicitarias y\/o comerciales a los efectos del art. 21 LSSICE 34\/2002). Si ya tenemos una relaci\u00f3n contractual previa, dichas comunicaciones las remitiremos sobre la base de nuestro inter\u00e9s leg\u00edtimo. En el caso de no tener una relaci\u00f3n contractual previa, solo te mandaremos ese tipo de comunicaciones, si nos lo autorizas marcando la opci\u00f3n que expresamente se incluye al efecto en los formularios correspondientes. Las comunicaciones electr\u00f3nicas que te enviemos incluir\u00e1n, en la propia comunicaci\u00f3n, la opci\u00f3n de dejar de recibirlas. Si optas por ello dejaremos de enviarte este tipo de comunicaciones en lo sucesivo.<\/td><\/tr><tr><td>Plazo de conservaci\u00f3n<\/td><td>Los datos personales que nos facilites los conservaremos mientras no nos solicites su supresi\u00f3n. Incluso solicitada la misma, podremos mantenerlos durante el tiempo necesario y limitando su tratamiento, \u00fanicamente para cumplir con las obligaciones legales\/contractuales a que estemos sometidos y\/o durante los plazos legales previstos para la prescripci\u00f3n de cualesquiera responsabilidades por nuestra parte y\/o el ejercicio o la defensa de reclamaciones derivadas de la relaci\u00f3n mantenida con el interesado.<\/td><\/tr><tr><td>Legitimaci\u00f3n<\/td><td>La base jur\u00eddica que nos legitima para el tratamiento de tus datos puede ser diversa:<br><br>&#8211; Por un lado, puede serlo la relaci\u00f3n jur\u00eddica que nos une en el caso de clientes actuales o potenciales, abonados, jugadores o usuarios de las instalaciones, o la oferta, presupuesto, solicitud o relaci\u00f3n precontractual de cualquier tipo existente entre las partes si eres un cliente\/proveedor potencial. La aportaci\u00f3n de los datos solicitados es obligatoria por ser imprescindibles para formalizar y\/o mantener la relaci\u00f3n contractual o precontractual y cumplir las obligaciones legales derivadas de la misma; si no los facilitas, no podremos prestar el servicio derivado de dicha relaci\u00f3n.<br><br>&#8211; Puede serlo tambi\u00e9n, tu consentimiento si nos has realizado una solicitud a trav\u00e9s de nuestra p\u00e1gina web en el caso de ser un mero usuario de la misma o si nos has enviado tu curriculum. Dicho consentimiento nos lo otorgas de forma inequ\u00edvoca al facilitarnos tus datos on line u off line, consider\u00e1ndose dicha aportaci\u00f3n un acto afirmativo claro que manifiesta dicho consentimiento. Podr\u00e1s retirar ese consentimiento en cualquier momento remiti\u00e9ndonos un e-mail en tal sentido a <a href=\"mailto:lopd@ab-laboratorios.com\">datos@golfelrompido.com<\/a> pero dicha retirada puede suponer que no podamos contestar tu petici\u00f3n o tener en cuenta tu curiculum.<br><br>&#8211; Tambi\u00e9n puede serlo el cumplimiento de la normativa fiscal, de consumidores y usuarios, la normativa federativa de golf nacional o auton\u00f3mica \u2026<br><br>&#8211; Tambi\u00e9n constituye una base jur\u00eddica para tratar tus datos nuestro inter\u00e9s leg\u00edtimo como organizaci\u00f3n para:<br> &nbsp; &#8211; Realizar encuestas de opini\u00f3n y\/o satisfacci\u00f3n <br><br>   &#8211; Informarte de nuestras actividades, productos y\/o servicios (incluso mediante comunicaciones electr\u00f3nicas) Si ya tenemos una relaci\u00f3n contractual previa, dichas comunicaciones las remitiremos sobre la base de nuestro inter\u00e9s leg\u00edtimo. En el caso contrario, solo te mandaremos ese tipo de comunicaciones, si nos das tu consentimiento marcando la opci\u00f3n que expresamente se incluye al efecto en los formularios correspondientes. En todo caso, las comunicaciones electr\u00f3nicas que te enviemos incluir\u00e1n, en la propia comunicaci\u00f3n, la opci\u00f3n de dejar de recibirlas en lo sucesivo. <br><br>   &#8211; En los eventos y concursos que organicemos y\/o promocionemos como organizaci\u00f3n, informar sobre ellos, documentarlos, y formar parte de la memoria fotogr\u00e1fica\/videogr\u00e1fica de la organizaci\u00f3n. Para ello podremos hacer fotograf\u00edas y\/o videos que podr\u00e1n ser publicados, tanto en internet (en nuestro sitio web o el del promotor del evento, en nuestros perfiles en cualesquiera redes sociales, as\u00ed como en youtube), como en papel (en carteles publicitarios o informativos, folletos, programas, revistas, memorias y dem\u00e1s papeler\u00eda o soportes que pueda utilizar la organizaci\u00f3n para informar sobre sus actividades o promocionarlas), como en las propias instalaciones de la Organizaci\u00f3n. <br><br>En los casos expuestos, el tratamiento indicado de tus datos consideramos que es proporcionado y supone un impacto m\u00ednimo en tu privacidad, pero siempre prevalecer\u00e1n, sobre nuestro inter\u00e9s leg\u00edtimo, tus intereses, derechos o libertades, por lo que, si no deseas que tratemos sus datos para estas finalidades rem\u00edtenos por favor un e-mail en tal sentido a <a href=\"mailto:datos@golfelrompido.com\">datos@golfelrompido.com<\/a> y as\u00ed lo haremos, pudiendo mantenerlos bloqueados para la formulaci\u00f3n, ejercicio o defensa de reclamaciones. La retirada de tu consentimiento para tratar sus datos para esas finalidades no condiciona el tratamiento de tus datos para el resto de finalidades descritas en la pol\u00edtica de privacidad. <br><br>Tambi\u00e9n puede serlo nuestro inter\u00e9s leg\u00edtimo en comunicar tus datos, en su caso, a otras empresas del grupo SORZUBI (conformado por Bilbao Express, S.A., EL ROMPIDO GOLF CLUB, S.A., y SORZUBI INVERSION SL) exclusivamente para fines administrativos internos.  <\/td><\/tr><tr><td>Destinatarios<\/td><td>Te informamos que los datos que nos proporcionas podr\u00e1n ser comunicados a terceras entidades para el cumplimiento de fines directamente relacionados con funciones leg\u00edtimas de cedente y cesionario como:<br><br> 1.&nbsp;&nbsp;&nbsp; A otras empresas del grupo SORZUBI (conformado por Bilbao Express, S.A., EL ROMPIDO GOLF CLUB, S.A., y SORZUBI INVERSION SL) exclusivamente para fines administrativos internos incluido el tratamiento de datos personales de clientes y\/o proveedores o empleados.<br><br> 2.&nbsp;&nbsp;&nbsp; A entidades bancarias para la gesti\u00f3n de cobros y pagos <br><br>3.&nbsp;&nbsp;&nbsp; A las entidades u organismos a los que exista obligaci\u00f3n legal de realizar comunicaciones de datos (Administraci\u00f3n tributaria\u2026) <br><br>4.&nbsp; A CASTILLOS DE SAN MIGUEL S.A. (PRECISE RESORT EL ROMPIDO) para reserva de alojamiento de jugadores en dicho hotel. <br><br>5. &nbsp;A la Federaci\u00f3n Espa\u00f1ola y andaluza de Golf para gesti\u00f3n de licencias federativas, gesti\u00f3n de competiciones y gesti\u00f3n y actualizaci\u00f3n de h\u00e1ndicap. <br><br>6.&nbsp;&nbsp; Tus comentarios emitidos en nuestros perfiles en las redes sociales podr\u00e1n ser publicados en nuestra p\u00e1gina web, as\u00ed como la fotograf\u00eda incluida en esos comentarios. <br><br>7.&nbsp;&nbsp; En su caso, a otros clubes para gesti\u00f3n de competiciones en las que participen los jugadores de El Rompido Club de Golf. <br><br>8.&nbsp;&nbsp;&nbsp; Si eres un participante en alguno de nuestros concursos, los datos de los ganadores ser\u00e1n comunicados a las empresas encargadas de proporcionar el premio (por ejemplo, hoteles, restaurantes \u2026) &nbsp; <br><br><strong>TRANSFERENCIAS INTERNACIONALES<\/strong> <br>Procuraremos que los datos personales est\u00e9n siempre tratados y ubicados en el espacio econ\u00f3mico europeo. No obstante, en determinadas circunstancias, podremos hacer transferencias internacionales de datos, por ejemplo, en caso de que sea necesaria para la celebraci\u00f3n o ejecuci\u00f3n de un contrato, en inter\u00e9s del interesado, entre EL ROMPIDO GOLF CLUB, S.A. y otra persona f\u00edsica o jur\u00eddica; o en caso de que sea necesaria para la ejecuci\u00f3n de un contrato entre el interesado y EL ROMPIDO GOLF CLUB, S.A.&nbsp; por ejemplo al utilizar proveedores de servicios ubicados fuera de la Uni\u00f3n Europea, que pueden tener acceso a datos personales, para la prestaci\u00f3n de servicios auxiliares a nuestra actividad (alojamiento, housing, SaaS, copias de seguridad en remoto, servicios de soporte o mantenimiento inform\u00e1tico, gestores de correo electr\u00f3nico, env\u00edo de e-mails y e-mail marketing, transferencia de archivos, etc \u2026) o para la ejecuci\u00f3n de medidas precontractuales adoptadas a solicitud del interesado. <br><br>Estas entidades pueden ser diferentes y variar a lo largo del tiempo pero, procuraremos elegir entidades, bien pertenecientes a pa\u00edses que cuenten con nivel de protecci\u00f3n equivalente al europeo en materia de protecci\u00f3n de datos, o que cuenten con las garant\u00edas adecuadas para alcanzar ese nivel, o bien se realizar\u00e1n sobre la base de alguna de las excepciones previstas al efecto en el RGPD. <br><br>Fuera de esos casos que se acaban de indicar, en el caso de tener que realizar transferencias a un pa\u00eds que no cuente con ese nivel de protecci\u00f3n equiparable al europeo, por ejemplo porque no tenga una autoridad o normativa de protecci\u00f3n de datos que proteja los derechos de los interesados, te informaremos de ese riesgo para que autorices expl\u00edcitamente dichas transferencias, dando tu consentimiento a las mismas.<\/td><\/tr><tr><td>Derechos<\/td><td>Puede, cuando procedan, ejercitar sus derechos de acceso, rectificaci\u00f3n, supresi\u00f3n, de limitaci\u00f3n y oposici\u00f3n a su tratamiento, as\u00ed como a no ser objeto de decisiones basadas \u00fanicamente en el tratamiento automatizado de tus datos, en la direcci\u00f3n de correo postal o electr\u00f3nico indicadas al principio de esta pol\u00edtica de privacidad; en ambos casos mediante solicitud escrita y firmada adjuntando copia del DNI o pasaporte u otro documento v\u00e1lido que le identifique. En caso de modificaci\u00f3n de tus datos deber\u00e1 notificarlo en la misma direcci\u00f3n, declinando esta empresa toda responsabilidad en caso de no hacerlo. <br><br><strong>Derecho de acceso:<\/strong> Puede preguntarnos qu\u00e9 datos personales estamos tratando incluso solicitarnos una copia de estos. <br><br><strong>Derecho de rectificaci\u00f3n<\/strong>: Puede solicitarnos la rectificaci\u00f3n de los datos personales inexactos o que completemos los que sean incompletos, inclusive mediante una declaraci\u00f3n adicional. <br><br><strong>Derecho de supresi\u00f3n (derecho al olvido):<\/strong> Puede solicitarnos la supresi\u00f3n de sus datos personales cuando: no sean necesarios para los fines para los que fueron recogidos, retires tu consentimiento, haya habido un tratamiento il\u00edcito de los mismos o por cumplimiento de una obligaci\u00f3n legal. <br><br><strong>Derecho a la limitaci\u00f3n del tratamiento:<\/strong> Puede solicitarnos la limitaci\u00f3n del tratamiento de sus datos, en cuyo caso \u00fanicamente los conservaremos para el ejercicio o la defensa de reclamaciones. <br><br><strong>Derecho de oposici\u00f3n:<\/strong> Puedes oponerte al tratamiento que se haga de tus datos si dicho tratamiento se base en el inter\u00e9s leg\u00edtimo del responsable del fichero o es para fines publicitarios. <br><br>Una vez recibida cualquiera de las anteriores solicitudes le responderemos en los plazos legalmente establecidos. Puede reclamar ante la Agencia Espa\u00f1ola de Protecci\u00f3n de Datos. Si desea m\u00e1s informaci\u00f3n acerca de los derechos que puede ejercitar y para la solicitud de modelos de formularios de ejercicio de derechos puede visitar la p\u00e1gina web de la Agencia espa\u00f1ola de Protecci\u00f3n de Datos, <a href=\"http:\/\/www.aepd.es\">www.aepd.es<\/a>&nbsp;&nbsp;<\/td><\/tr><tr><td>Categor\u00eda de datos<\/td><td>Las categor\u00edas de datos que tratamos son: datos identificativos; datos profesionales; datos econ\u00f3micos, financieros; transacciones de bienes y de servicios.<\/td><\/tr><\/tbody><\/table><\/figure>\n\n\n","protected":false},"excerpt":{"rendered":"<p>Responsable del tratamiento EL ROMPIDO GOLF CLUB, S.A. Direcci\u00f3n: Carretera Cartaya-El Rompido, km. 7 \u2013 21450 Cartaya (Huelva) Correo electr\u00f3nico: datos@golfelrompido.es&nbsp;&nbsp; Tfno. 959 02 42 42 C\u00f3mo hemos obtenido tus datos Obtenci\u00f3n del propio interesado:&nbsp; Si eres cliente actual o potencial, abonado, jugador o usuario de las instalaciones, o un mero usuario de nuestra web, [&#8230;]\n","protected":false},"author":1,"featured_media":0,"parent":0,"menu_order":0,"comment_status":"closed","ping_status":"closed","template":"page-blank-title-center.php","meta":{"_seopress_robots_primary_cat":"","footnotes":""},"class_list":["post-1414","page","type-page","status-publish","hentry"],"_links":{"self":[{"href":"https:\/\/www.golfelrompido.es\/en\/wp-json\/wp\/v2\/pages\/1414","targetHints":{"allow":["GET"]}}],"collection":[{"href":"https:\/\/www.golfelrompido.es\/en\/wp-json\/wp\/v2\/pages"}],"about":[{"href":"https:\/\/www.golfelrompido.es\/en\/wp-json\/wp\/v2\/types\/page"}],"author":[{"embeddable":true,"href":"https:\/\/www.golfelrompido.es\/en\/wp-json\/wp\/v2\/users\/1"}],"replies":[{"embeddable":true,"href":"https:\/\/www.golfelrompido.es\/en\/wp-json\/wp\/v2\/comments?post=1414"}],"version-history":[{"count":2,"href":"https:\/\/www.golfelrompido.es\/en\/wp-json\/wp\/v2\/pages\/1414\/revisions"}],"predecessor-version":[{"id":1425,"href":"https:\/\/www.golfelrompido.es\/en\/wp-json\/wp\/v2\/pages\/1414\/revisions\/1425"}],"wp:attachment":[{"href":"https:\/\/www.golfelrompido.es\/en\/wp-json\/wp\/v2\/media?parent=1414"}],"curies":[{"name":"wp","href":"https:\/\/api.w.org\/{rel}","templated":true}]}}