{"id":1410,"date":"2023-01-12T09:47:46","date_gmt":"2023-01-12T09:47:46","guid":{"rendered":"https:\/\/www.golfelrompido.es\/?page_id=1410"},"modified":"2023-07-27T07:31:18","modified_gmt":"2023-07-27T07:31:18","slug":"politica-de-cookies","status":"publish","type":"page","link":"https:\/\/www.golfelrompido.es\/en\/politica-de-cookies\/","title":{"rendered":"Cookies Policy"},"content":{"rendered":"\n\n\n<p><strong>1. Uso de Cookies. \u00bfQu\u00e9 es una Cookie y para qu\u00e9 sirve?<\/strong><\/p>\n\n\n\n<p>Informamos que esta p\u00e1gina web utiliza cookies. Una cookie es un fichero de texto que se env\u00eda al navegador web de tu ordenador, m\u00f3vil o cualquier otro dispositivo, y que sirve para almacenar y recuperar informaci\u00f3n sobre la navegaci\u00f3n realizada. Las cookies permiten que la p\u00e1gina web reconozca a la persona usuaria, por lo que, generalmente se utilizan para recordad las opciones de navegaci\u00f3n que el usuario hab\u00eda elegido (por ejemplo: recordar el idioma que utiliza, el nombre de usuario y contrase\u00f1a\u2026)<\/p>\n\n\n\n<p><strong>2. Aceptaci\u00f3n de las cookies de este sitio web<\/strong><\/p>\n\n\n\n<p>A trav\u00e9s del men\u00fa desplegable que aparece la primera vez que entras en nuestro sitio web, o siguiendo las indicaciones de este Cl\u00e1usula puedes modificar y gestionar la configuraci\u00f3n de nuestras cookies. Si continuas sin modificar su configuraci\u00f3n entenderemos que est\u00e1s de acuerdo con ellas.<\/p>\n\n\n\n<p><strong>3. \u00bfQu\u00e9 tipos de cookies hay?<\/strong><\/p>\n\n\n\n<p>Hay diversos tipos de cookies:<\/p>\n\n\n\n<p>Seg\u00fan qui\u00e9n las gestione, se diferencian:<\/p>\n\n\n\n<ul class=\"wp-block-list\">\n<li><strong>Cookies propias:<\/strong> son aquellas que se env\u00edan a tu navegador desde nuestros servidores o dominios web.<\/li>\n\n\n\n<li><strong>Cookies de terceros:<\/strong> aquellas enviadas desde un servidor o dominio web no gestionado directamente por nosotros, sino por una tercera entidad (p.ej.:&nbsp; servicios de Google).<\/li>\n<\/ul>\n\n\n\n<p>Seg\u00fan del tiempo que est\u00e1n activas:<\/p>\n\n\n\n<ul class=\"wp-block-list\">\n<li><strong>Cookies de sesi\u00f3n:<\/strong>&nbsp; permiten identificar al usuario durante la sesi\u00f3n en directo, lo que significa que son memorizadas y \u00fanicamente tienen validez el tiempo que dure una sesi\u00f3n activa, esto es, durante su visita a la web, sin que quede ninguna en tu dispositivo.<\/li>\n\n\n\n<li><strong>Cookies persistentes:<\/strong>&nbsp; permanecen en tu dispositivo y nuestra web las lee cada vez que realizas una nueva visita. Estas cookies dejan de funcionar pasada una fecha concreta.<\/li>\n<\/ul>\n\n\n\n<p>Seg\u00fan su finalidad:<\/p>\n\n\n\n<ul class=\"wp-block-list\">\n<li><strong>Cookies t\u00e9cnicas:<\/strong> mejoran la navegaci\u00f3n y el buen funcionamiento de la web.<\/li>\n\n\n\n<li><strong>Cookies de personalizaci\u00f3n:<\/strong> permiten acceder al servicio con unas caracter\u00edsticas predefinidas en funci\u00f3n de una serie de criterios.<\/li>\n\n\n\n<li><strong>Cookies de an\u00e1lisis<\/strong>: permiten medir y analizar estad\u00edsticamente el uso que se hace del servicio prestado.<\/li>\n<\/ul>\n\n\n\n<p><strong>4. \u00bfC\u00f3mo puedes modificar las cookies?<\/strong><\/p>\n\n\n\n<p>La persona usuaria siempre podr\u00e1 personalizar el uso de \u201ccookies\u201d, as\u00ed como impedir la recopilaci\u00f3n de estas modificando las opciones del navegador. Dependiendo del navegador, la configuraci\u00f3n de las cookies estar\u00e1 en un lugar u otro. Podr\u00e1s localizarla si usas la funci\u00f3n \u201cAyuda\u201d de tu navegador. Puedes tambi\u00e9n configurar su navegador para aceptar o rechazar por defecto todas las cookies o para recibir un Cl\u00e1usula en pantalla de la recepci\u00f3n de cada cookie y decidir en ese momento su implantaci\u00f3n o no en su disco duro.<\/p>\n\n\n\n<p>Entre los navegadores m\u00e1s comunes:<\/p>\n\n\n\n<ul class=\"wp-block-list\">\n<li><strong>Firefox:<\/strong> Opciones\\Privacidad\\Rastreo\\decir a los sitios web que no deseo ser rastreado<\/li>\n\n\n\n<li><strong>Chrome:<\/strong> Men\u00fa de Chrome\\Configuraci\u00f3n\\Mostrar opciones avanzadas\\Privacidad\\Configuraci\u00f3n del contenido\\Cookies\\bloquear cookies de forma predeterminada.<\/li>\n\n\n\n<li><strong>Safari: <\/strong>Preferencias\\ Privacidad\\Bloquear Cookies<\/li>\n\n\n\n<li><strong>Explorer:<\/strong> Herramientas\\Opciones de Internet\\Privacidad\\Configuraci\u00f3n\\ mueva el control deslizante totalmente hacia arriba para bloquear todas las cookies o totalmente hacia abajo para permitir todas las cookies y, a continuaci\u00f3n, haga clic en Aceptar.<\/li>\n<\/ul>\n\n\n\n<p>Al bloquear completamente las \u201ccookies\u201d, puede impedir que ciertos sitios web se muestren correctamente. Ten en cuenta qu\u00e9 si no aceptas nuestras cookies, no podr\u00e1s usar el acceso para clientes, ni la extranet de clientes, ni la personalizaci\u00f3n del tama\u00f1o de fuente.<\/p>\n\n\n\n<p>5. <strong>\u00bfQu\u00e9 tipo de cookies utilizamos en esta web?<\/strong><\/p>\n\n\n\n<p>El Rompido Golf Club S.A. no utiliza cookies para recoger informaci\u00f3n de los usuarios. \u00danicamente se utilizan cookies propias, de sesi\u00f3n, con finalidad t\u00e9cnica (aquellas que permiten al usuario la navegaci\u00f3n a trav\u00e9s del sitio web y la utilizaci\u00f3n de las diferentes opciones y servicios que en ella existen).<\/p>\n\n\n\n<div class=\"cky-audit-table-element\"><\/div>\n\n\n\n<p>El portal del que es titular El Rompido Golf Club S.A. contiene enlaces a sitios web de terceros, cuyas pol\u00edticas de privacidad son ajenas a la de El Rompido Golf Club S.A.. Al acceder a tales sitios web usted puede decidir si acepta sus pol\u00edticas de privacidad y de cookies. Con car\u00e1cter general, si navega por internet usted puede aceptar o rechazar las cookies de terceros desde las opciones de configuraci\u00f3n de su navegador.<\/p>\n","protected":false},"excerpt":{"rendered":"<p>1. Uso de Cookies. \u00bfQu\u00e9 es una Cookie y para qu\u00e9 sirve? Informamos que esta p\u00e1gina web utiliza cookies. Una cookie es un fichero de texto que se env\u00eda al navegador web de tu ordenador, m\u00f3vil o cualquier otro dispositivo, y que sirve para almacenar y recuperar informaci\u00f3n sobre la navegaci\u00f3n realizada. Las cookies permiten [&#8230;]\n","protected":false},"author":1,"featured_media":0,"parent":0,"menu_order":0,"comment_status":"closed","ping_status":"closed","template":"page-blank-title-center.php","meta":{"_seopress_robots_primary_cat":"","footnotes":""},"class_list":["post-1410","page","type-page","status-publish","hentry"],"_links":{"self":[{"href":"https:\/\/www.golfelrompido.es\/en\/wp-json\/wp\/v2\/pages\/1410","targetHints":{"allow":["GET"]}}],"collection":[{"href":"https:\/\/www.golfelrompido.es\/en\/wp-json\/wp\/v2\/pages"}],"about":[{"href":"https:\/\/www.golfelrompido.es\/en\/wp-json\/wp\/v2\/types\/page"}],"author":[{"embeddable":true,"href":"https:\/\/www.golfelrompido.es\/en\/wp-json\/wp\/v2\/users\/1"}],"replies":[{"embeddable":true,"href":"https:\/\/www.golfelrompido.es\/en\/wp-json\/wp\/v2\/comments?post=1410"}],"version-history":[{"count":3,"href":"https:\/\/www.golfelrompido.es\/en\/wp-json\/wp\/v2\/pages\/1410\/revisions"}],"predecessor-version":[{"id":1469,"href":"https:\/\/www.golfelrompido.es\/en\/wp-json\/wp\/v2\/pages\/1410\/revisions\/1469"}],"wp:attachment":[{"href":"https:\/\/www.golfelrompido.es\/en\/wp-json\/wp\/v2\/media?parent=1410"}],"curies":[{"name":"wp","href":"https:\/\/api.w.org\/{rel}","templated":true}]}}